{"id":109,"date":"2024-02-21T13:42:49","date_gmt":"2024-02-21T12:42:49","guid":{"rendered":"https:\/\/absolutesoftware.it\/?page_id=109"},"modified":"2025-09-10T13:06:20","modified_gmt":"2025-09-10T11:06:20","slug":"licenza-software-soluzioni-plus","status":"publish","type":"page","link":"https:\/\/absolutesoftware.it\/index.php\/licenza-software-soluzioni-plus\/","title":{"rendered":"Termini e Condizioni del Contratto di Licenza d\u2019uso a tempo determinato del software denominato Soluzioni Plus"},"content":{"rendered":"\n<p>Il Licenziatario, sulla base delle proprie esigenze, prende visione e sottoscrive il presente contratto e l\u2019ordine relativo ai servizi di fornitura del software in oggetto, che intende ottenere da:<\/p>\n\n\n\n<p>ABSOLUTE Snc<\/p>\n\n\n\n<p>Via Bocchi 32 &#8211; 50126 &#8211; Firenze<\/p>\n\n\n\n<p>P.IVA \u2013 Fiscale Codice: 06222500487<\/p>\n\n\n\n<p>da ora in avanti Licenziante. Accettando il presente Contratto di licenza d\u2019uso o utilizzando il servizio e il software, il Licenziatario ne accetta tutte le condizioni e acconsente alla trasmissione di alcune informazioni durante l\u2019attivazione e durante l\u2019utilizzo del software in conformit\u00e0 all\u2019Informativa sulla Privacy del Licenziante. Qualora il Licenziatario non accetti e non si conformi alle presenti condizioni, non potr\u00e0 utilizzare i servizi, il software o le loro funzionalit\u00e0.<\/p>\n\n\n\n<p>Tutto ci\u00f2 premesso si conviene e si stipula quanto segue:<\/p>\n\n\n\n<p>Art. 1. &#8211; Efficacia delle premesse e degli allegati. Le premesse e formano, a tutti gli effetti, parte integrante e sostanziale del presente contratto.<\/p>\n\n\n\n<p>Art. 2 \u2013 Definizioni<\/p>\n\n\n\n<p>Ai fini del presente contratto, i termini sotto riportati hanno il seguente significato:<\/p>\n\n\n\n<ul class=\"wp-block-list\">\n<li><strong>Codice sorgente:<\/strong> il codice sorgente \u00e8 il testo di un programma scritto in un linguaggio di programmazione. Il codice sorgente deve essere opportunamente elaborato per divenire un programma eseguibile; tale elaborazione \u00e8 necessaria per giungere all\u2019esecuzione del programma.<\/li>\n\n\n\n<li><strong>Manutenzione:<\/strong> servizi di manutenzione e aggiornamento delle apparecchiature software pi\u00f9 dettagliatamente indicati nelle clausole del presente contratto relativo a Licenza e manutenzione;<\/li>\n\n\n\n<li><strong>Modalit\u00e0 ASP (Application service provider):<\/strong> l&#8217;Application service provider (ASP) \u00e8 un modello architetturale per l&#8217;erogazione di servizi informatici che prevede la possibilit\u00e0 che il software rimanga installato su una piattaforma informatica di pertinenza del Licenziante che provvede a tutte le operazioni necessarie al suo funzionamento a favore del Licenziatario. In tal caso il modello architetturale prevede che la tecnologia di elaborazione e applicazione, hardware e software, venga gestita centralmente presso un service provider;<\/li>\n\n\n\n<li><strong>Servizi di assistenza:<\/strong> attivit\u00e0, in qualsiasi forma, prestata dal Licenziante per coadiuvare il Licenziatario nello svolgimento di compiti realizzativi del prodotto fornito;<\/li>\n\n\n\n<li><strong>Software:<\/strong> insieme organizzato e strutturato di istruzioni in qualsiasi forma o su qualunque supporto capace, direttamente o indirettamente, di far eseguire o far ottenere un risultato particolare per mezzo di un sistema di elaborazione elettronica dell\u2019informazione;<\/li>\n\n\n\n<li><strong>Supporto di memorizzazione:<\/strong> i supporti, fissi o mobili, sui quali risiede il Programma;<\/li>\n\n\n\n<li><strong>Responsabile del progetto:<\/strong> la persona che avr\u00e0 l\u2019autorit\u00e0 di rappresentare rispettivamente il Licenziatario in tutte le materie attinenti all\u2019esecuzione dei prodotti forniti;<\/li>\n\n\n\n<li><strong>Unit\u00e0 associate:<\/strong> l&#8217;unit\u00e0 video, workstation, personal computer, stampanti, periferiche, supporti interni;<\/li>\n\n\n\n<li><strong>Uso:<\/strong> l\u2019elaborazione e l\u2019utilizzo del programma per elaboratore.<\/li>\n<\/ul>\n\n\n\n<p>Art. 3- Oggetto: Licenza d\u2019uso<\/p>\n\n\n\n<p>Con il presente Contratto il Licenziante concede al Licenziatario una Licenza d\u2019uso a tempo indeterminato, non esclusiva e non trasferibile, del software del quale \u00e8 legittimo titolare, in forma oggetto, da utilizzarsi in una rete locale locale per erogazione dei servizi di fatturazione di cui al presente contratto e per il numero di postazioni e operatori &nbsp;indicate nel preventivo.<br>La Licenza d\u2019uso autorizza il Licenziatario ad utilizzare il Programma usufruibile in oggetto;<br>Il Licenziante consente di utilizzare il software esclusivamente per la durata dei servizi ed essendo il software installato in locale NON GARANTISCE alcun servizio di back up.<br>La Licenza d\u2019uso autorizza il Licenziatario a utilizzare e visualizzare il Software solo per usi commerciali interni o di vendita di beni e servizi inerenti alla propria attivit\u00e0.<\/p>\n\n\n\n<p>3.1 Manutenzione<\/p>\n\n\n\n<p>Oltre alla Licenza d\u2019uso il Licenziante mette a disposizione del Licenziatario il servizio di manutenzione e assistenza che prevede la sistemazione di eventuali errori sul software concesso in Licenza d\u2019uso mediante il presente contratto rilevati dal Licenziatario e riconosciuti tali ad insindacabile giudizio del Licenziante.<br>In caso di richiesta di servizi non elencati il Licenziante si riserva di fornire i relativi servizi previa sottoscrizione di apposito preventivo da parte del Licenziatario.<\/p>\n\n\n\n<p>3.2 Modalit\u00e0 di Esplicazione del Servizio di Manutenzione<\/p>\n\n\n\n<p>Il Servizio di manutenzione di cui al presente Contratto si esplicher\u00e0 nel seguente modo:<\/p>\n\n\n\n<ol class=\"wp-block-list\" start=\"1\">\n<li>la realizzazione del servizio di manutenzione sar\u00e0 effettuata in modalit\u00e0 ASP.<\/li>\n\n\n\n<li>Per la sistemazione di errori che eventualmente fossero contenuti nel software, il Licenziatario si obbliga a comunicare, nei modi previsti dall\u2019art.13 del presente contratto, al Licenziante l&#8217;opportuna documentazione del malfunzionamento riscontrato. Il Licenziante riconosciuto, a suo insindacabile giudizio, l\u2019effettivo errore, si obbliga ad esplicare il servizio di manutenzione rilasciando una versione corretta del software.<\/li>\n\n\n\n<li>Le implementazioni e migliorie vengono effettuate e inserite sul software a discrezione ed insindacabile giudizio del Licenziante.<\/li>\n\n\n\n<li>Il servizio di manutenzione di cui al presente contratto non comprende la correzione di malfunzionamenti dovuti a utilizzo improprio del software da parte del Licenziatario o del suo personale.<\/li>\n<\/ol>\n\n\n\n<p>Art. 4.0 &#8211; Propriet\u00e0 del Software<\/p>\n\n\n\n<p>Il Licenziante dichiara la titolarit\u00e0 dei diritti esclusivi sul software (programma per elaboratore) in oggetto, in quanto risultato di nostra creazione intellettuale d\u2019autore.<\/p>\n\n\n\n<p>Il Licenziante detiene la titolarit\u00e0 del software originale e di tutte le copie indipendentemente dal supporto utilizzato o dalla forma.<br>Tutti i marchi registrati e non, come ogni e qualsiasi segno distintivo o denominazione apposti sul programma e sulla relativa documentazione, restano di propriet\u00e0 del Licenziante, senza che dalla stipulazione del presente contratto derivi al Licenziatario alcun diritto sui medesimi. Il Licenziatario si impegna a non distruggere, alterare o spostare tali marchi, segni distintivi e denominazioni.<\/p>\n\n\n\n<p>4.1- Codici Sorgente<\/p>\n\n\n\n<p>La Licenza d\u2019uso non concede alcun diritto sul codice sorgente originale. Tutte le tecniche, gli algoritmi e i procedimenti contenuti nel software e nella relativa documentazione sono informazioni protette dal diritto d\u2019autore e sono di propriet\u00e0 del Licenziante, pertanto, non possono essere usati in alcun modo dal Licenziatario per scopi diversi da quelli indicati nel presente contratto.<\/p>\n\n\n\n<p>Art. 5 &#8211; Durata e Decorrenza<\/p>\n\n\n\n<p>Il contratto di Licenza d\u2019uso e\/o Licenza d\u2019uso e manutenzione decorre dalla data di sottoscrizione dello stesso e rester\u00e0 in vigore tra le parti fino al termine dell\u2019anno solare.<br>Ad ogni scadenza il contratto si intender\u00e0 tacitamente rinnovato per un altro anno, salvo disdetta da comunicarsi da una parte all\u2019altra a mezzo di lettera raccomandata a\/r o PEC almeno 60 giorni prima della scadenza del contratto.<\/p>\n\n\n\n<p>Art. 6 &#8211; Obblighi e Responsabilit\u00e0<\/p>\n\n\n\n<p>Il Licenziatario \u00e8 ritenuto responsabile della gestione di tutto quanto viene posto a suo carico in relazione a:<\/p>\n\n\n\n<ul class=\"wp-block-list\">\n<li>disporre di Personal Computer in rete o scollegati tra loro per l&#8217;utilizzo dei servizi messi a disposizione;<\/li>\n\n\n\n<li>disporre della linea di comunicazione necessaria al collegamento adeguato con il server del Licenziante;<\/li>\n\n\n\n<li>gestire i relativi contratti e sostenere i costi con un Internet Provider dei servizi di connettivit\u00e0 e di accesso ad Internet;<\/li>\n\n\n\n<li>il caricamento dei dati propri, codifiche e parametrizzazione dei programmi, per utilizzo secondo le sue specifiche esigenze.<\/li>\n<\/ul>\n\n\n\n<p>Il Licenziante si obbliga a mettere a disposizione del Licenziatario, oltre al software in Licenza d\u2019uso, la risoluzione di eventuali problematiche tecniche che si manifesteranno con l\u2019uso del software.<br>Il Licenziante non \u00e8 responsabile di alcun danno causato a cose o persone per il funzionamento difettoso delle apparecchiature o dei software installati.<br><br>Nel caso di interruzioni di esercizio del sistema o della singola apparecchiatura, il Licenziante, salvo dolo o colpa grave, non risponde di eventuali perdite del Licenziatario o di terzi, tra cui si citano, a mero titolo esemplificativo, lucro cessante, spese per ripristino di attivit\u00e0, responsabilit\u00e0 civile verso terzi, perdita di affari.<\/p>\n\n\n\n<p>Il licenziatario si impegna a utilizzare il software in conformit\u00e0 con le disposizioni del Regolamento Generale sulla Protezione dei Dati (GDPR) e di altre leggi sulla protezione dei dati applicabili. Si assicura che qualsiasi trattamento di dati personali attraverso il software sia effettuato nel rispetto dei diritti degli interessati e delle normative in materia di privacy.<\/p>\n\n\n\n<p>Il licenziatario si impegna ad utilizzare il software per scopi che non siano illeciti, illegali o contrari all\u2019etica.<\/p>\n\n\n\n<p>Art. 7 &#8211; Clausola di accettazione<\/p>\n\n\n\n<p>Il Licenziatario ha a disposizione un periodo di prova di 15gg durante il quale pu\u00f2 usufruire delle funzionalit\u00e0 del software, di conseguenza, l\u2019acquisto o la richiesta di attivazione del programma di Licenza software esprimer\u00e0 l\u2019accettazione del software e la sua idoneit\u00e0 e della presente licenza d\u2019uso, ritenendosi il periodo di tempo adeguato a verificare l\u2019idoneit\u00e0 del programma stesso da parte del Licenziante.<\/p>\n\n\n\n<p>Art. 8 &#8211; Condizioni economiche e corrispettivi<\/p>\n\n\n\n<p>Per la concessione dei diritti di Licenza d\u2019uso di cui al presente accordo ed eventualmente per l\u2019esercizio dei servizi di manutenzione, il Licenziatario si impegna a versare il corrispettivo richiesto al Licenziante.<br>Ogni servizio \u00e8 codificato in modo univoco e tale codifica viene riportata nei rendiconti di elaborazione e nelle successive fatture.<br>Gli importi dovuti dal Licenziatario saranno fatturati dal Licenziante.<br>Tutti gli importi e i prezzi indicati nel Contratto o negli allegati si intendono al netto di IVA.<\/p>\n\n\n\n<p>Art. 9 &#8211; Riservatezza e Protezione dei Dati<\/p>\n\n\n\n<p>I termini e le condizioni (compreso il prezzo) del contratto, unitamente a qualsiasi altra informazione esplicitamente definita come &#8220;riservata&#8221; e fornita in base all\u2019accordo, sono confidenziali e non saranno rivelati, oralmente o per iscritto, dal Licenziatario a terzi senza il previo consenso scritto del Licenziante.<br>Il Licenziatario dichiara che i suoi sistemi hardware e software contengono delle informazioni riservate di valore confidenziale; il Licenziante si impegna a proteggere i dati e le informazioni con cui verr\u00e0 a contatto a seguito dei suoi interventi con almeno lo stesso grado di cura e riservatezza, ma comunque con cura non inferiore a quella ordinaria, che usa per le proprie informazioni che non desideri rivelare al pubblico.<br>\u00c8 fatta salva la facolt\u00e0 del Licenziante di trasmettere i dati o le informazioni a soggetti da lui delegati ad espletare i servizi connessi con l&#8217;oggetto del presente contratto e comunicati esclusivamente nell&#8217;ambito delle finalit\u00e0 del servizio reso, previa sottoscrizione da parte di detti soggetti di un impegno di riservatezza dei dati stessi.<br>Il licenziatario dichiara, ai sensi del testo di legge art. 13 D. Lgs. 196\/03, dichiara di consentire al trattamento dei dati personali che le riguardano, per finalit\u00e0 inerenti all\u2019esecuzione del presente contratto ed all\u2019adempimento degli obblighi legali e contrattuali dallo stesso derivanti.<br>I dati verranno trattati per tutta la durata del rapporto contrattuale in essere, nonch\u00e9 anche successivamente, per l\u2019espletamento degli adempimenti di legge e per future finalit\u00e0 di carattere commerciale.<br>Alle parti competono i diritti di cui all\u2019art. 7 D.Lgs. 196\/03 e, in particolare, il diritto di conoscere i propri dati, di farli integrare, modificare, cancellare per violazione di legge e\/o di opporsi al loro trattamento.<br><br>Le parti contraenti danno atto che i dati personali verranno trattati osservando misure di sicurezza idonee a garantire la riservatezza e la confidenzialit\u00e0 dei dati stessi.<br>Il Licenziante si impegna a mantenere il pi\u00f9 stretto riserbo in merito a qualsiasi informazione e\/o dato riguardante gli affari ed i segreti sociali del Licenziatario dei quali venga a conoscenza nell\u2019esecuzione del presente contratto, e si impegna, altres\u00ec, a garantire l\u2019esatta osservanza del presente obbligo di segretezza da parte dei propri dipendenti, consulenti e collaboratori.<br>Le parti reciprocamente convengono che, qualora una di esse dovesse violare uno degli obblighi di riservatezza, l\u2019altra parte potrebbe incorrere in un danno irreparabile, pertanto, entrambe si impegnano a rispettare e a far rispettare ai propri dipendenti il vincolo di riservatezza su tutte le informazioni, i dati, le documentazioni e le notizie, in qualunque forma fornite, che siano ritenute riservate e non finalizzate alla pubblica diffusione.<br>Il vincolo di riservatezza continuer\u00e0 ad avere valore anche dopo la conclusione del contratto e comunque finch\u00e9 le informazioni riservate non diventino di pubblico dominio.<br>Ai fini di cui all\u2019art. 29 D.Lgs. 196\/03, il Licenziante nulla oppone ad essere eventualmente nominato &#8220;Responsabile esterno del trattamento&#8221; dei dati del Licenziatario necessari per le finalit\u00e0 del servizio di manutenzione eventualmente espletato: a tal proposito dichiara sin d\u2019ora che in detta ipotesi osserver\u00e0 con scrupolosa attenzione le istruzioni contenute nel relativo atto di designazione.<br>Resta inteso che la designazione del Licenziante a responsabile esterno del trattamento dei dati decadr\u00e0 in qualunque caso di cessazione del rapporto intercorrente con il Licenziatario, con effetto dalla data di tale cessazione.<br><br>Art. 10 Garanzie per il Licenziatario. Il software viene concesso in licenza &#8220;com\u2019\u00e8&#8221;, &#8220;con tutti i difetti&#8221; e &#8220;secondo disponibilit\u00e0&#8221;. Il Licenziante non concede alcuna garanzia o condizione contrattuale aggiuntiva in relazione all\u2019applicazione. Vengono concesse al Licenziatario tutte le garanzie obbligatorie previste a norma di legge. Il Licenziante non concede tuttavia ulteriori garanzie aggiuntive. Nella misura massima consentita dalle leggi locali, le Parti Interessate escludono qualsiasi garanzia obbligatoria implicita, incluse le garanzie di commerciabilit\u00e0 (qualit\u00e0 non inferiore alla media), adeguatezza per uno scopo specifico, sicurezza, comfort e non violazione di diritti di terzi.<br><br>Il Licenziante non sar\u00e0 responsabile di danni imprevisti e\/o perdite finanziarie in relazione ad alcun danno indiretto, inclusa la perdita di profitto, se non in caso di colpa grave o dolo dell\u2019editore dell\u2019applicazione, dei relativi delegati che agiscono per suo conto e\/o dei relativi rappresentanti legali.<br>Il Licenziante non potr\u00e0 in alcun modo essere ritenuto responsabile della correttezza di qualunque risultato fornito dal software, a tale proposito il Licenziatario si impegna a verificare, in ogni situazione, la correttezza dei dati calcolati o memorizzati dal software.<br><br>Il Licenziante non potr\u00e0 in alcun modo essere ritenuto responsabili per disservizi e\/o danni causati dall&#8217;uso del software oggetto del presente contratto in caso di:<\/p>\n\n\n\n<ol class=\"wp-block-list\" start=\"1\" style=\"list-style-type:lower-alpha\">\n<li>manomissioni o interventi che compromettano il corretto funzionamento del software effettuati da personale del Licenziatario o da terzi non autorizzati dal Licenziante;<\/li>\n\n\n\n<li>errata utilizzazione del software da parte del Licenziatario o di operatori o terzi utilizzatori autorizzati dal Licenziatario;<\/li>\n\n\n\n<li>non regolare funzionamento di hardware o software utilizzati dal Licenziatario, la cui manutenzione non \u00e8 eseguita direttamente dal Licenziante;<\/li>\n\n\n\n<li>utilizzo da parte del Licenziatario di hardware o software indispensabili per lo sviluppo e l\u2019utilizzo del software sviluppato non forniti e\/o consigliati dal Licenziante, e privi delle necessarie omologazioni e\/o licenze;<\/li>\n\n\n\n<li>interruzione totale o parziale del servizio di accesso locale o di terminazione della chiamata fornito da operatore di telecomunicazione e\/o della rete internet;<\/li>\n\n\n\n<li>inosservanze, inadempimenti e violazioni di legge imputabili al Licenziatario, quali, a mero titolo esemplificativo, ma non esaustivo, violazioni della D.Lgs. 81\/08 o del Codice della Privacy.<\/li>\n<\/ol>\n\n\n\n<p>Art. 11 Modifica delle condizioni contrattuali<\/p>\n\n\n\n<p>Il Licenziante si riserva il diritto di modificare le condizioni del contratto di Licenza d\u2019uso e\/o Licenza d\u2019uso e manutenzione mostrando il nuovo contratto al momento del login, salvo facolt\u00e0 di recesso del Licenziatario, da esercitarsi, a pena di decadenza, rifiutando la nuova formulazione con l\u2019apposito bottone.<\/p>\n\n\n\n<p>Art. 12 Clausola di risoluzione espressa<\/p>\n\n\n\n<p>Fatto salvo quanto previsto dalla legge, il contratto sar\u00e0 risolto di diritto ai sensi e per gli effetti dell\u2019art. 1456 c.c. in caso di inadempimento di uno degli obblighi previsti dagli artt. 3,4, 6, 7 e 11 del presente contratto.<br>La risoluzione \u00e8 comunicata per raccomandata con ricevuta di ritorno, PEC o online direttamente sul sito fattura.me al momento del rifiuto delle nuove condizioni contrattuali. Gli effetti della risoluzione decorrono dalla data di ricezione di tale comunicazione o del rifiuto online.<br>Gli effetti della risoluzione decorrono dal giorno successivo alla ricezione della comunicazione di risoluzione.<br>All\u2019atto dell\u2019efficacia della risoluzione del presente contratto, il Licenziatario restituir\u00e0 al Licenziante tutte le copie del software in suo possesso oppure, ove ci\u00f2 non sia possibile, provveder\u00e0 a distruggere tutto quanto sopra indicato.<br>Nel caso di risoluzione anticipata da parte del Licenziatario o determinato da violazione, da parte del Licenziatario, degli articoli sopra citati il Licenziante non rimborser\u00e0 alcunch\u00e9.<\/p>\n\n\n\n<p>Art. 13 Comunicazioni tra le parti<\/p>\n\n\n\n<p>Ai fini dell\u2019esecuzione del presente contratto, le parti eleggono il proprio domicilio presso la propria sede legale.<br>Le comunicazioni inviate a mezzo e-mail o PEC avranno effetto immediato; quelle spedite a mezzo raccomandata A.R. avranno effetto al momento del ricevimento, ovvero, nel caso in cui la raccomandata confermi una precedente comunicazione via fax, al momento della spedizione.<br>Le Parti dovranno tempestivamente comunicare, nel corso della vigenza del contratto, ogni variazione dei rispettivi indirizzi. In caso di mancata comunicazione della variazione, tutte le comunicazioni e\/o notificazioni che saranno effettuate in base ai recapiti indicati avranno piena efficacia e validit\u00e0.<br><br>Presso i suddetti indirizzi, ovvero presso quelli successivamente indicati, le parti eleggono il loro domicilio, ivi compreso quello ai fini di eventuali notificazioni giudiziali, salvo quanto eventualmente stabilito da disposizioni inderogabili contenute nel Codice di procedura civile.<\/p>\n\n\n\n<p>Art. 14 Legge Applicabile<\/p>\n\n\n\n<p>Il presente contratto \u00e8 regolato dalle leggi dello Stato in cui risiede il Licenziante (ITALIA), anche per eventuali controversie relative a copyright e brevetto.<\/p>\n\n\n\n<p>Art. 15 &#8211; Foro competente e risoluzione stragiudiziale delle controversie<\/p>\n\n\n\n<p>In caso di controversie concernenti la validit\u00e0, l\u2019interpretazione, l\u2019esecuzione e la risoluzione del presente contratto o ad esso collegate, le parti si impegnano a cercare tra loro un equo e bonario componimento.<br>Qualora le stesse parti non risolvessero la controversia mediante conciliazione, l\u2019Autorit\u00e0 Giudiziale del foro di Firenze sar\u00e0 esclusivamente competente per ogni controversia relativa al presente accordo.<\/p>\n\n\n\n<p>Art.16 &#8211; Clausola finale<\/p>\n\n\n\n<p>Il presente contratto, di cui fanno parte integrante e sostanziale le premesse e gli eventuali Allegati, abroga e sostituisce ogni accordo, intesa, negoziazione, scritta od orale, intervenuta in precedenza tra le parti e concernente l&#8217;oggetto di questo contratto.<\/p>\n\n\n\n<p>Il contratto si conclude con la sottoscrizione dello stesso ad opera delle parti e successivamente con la sottoscrizione delle stesse parti di quelle specifiche clausole considerate dal legislatore vessatorie:<\/p>\n\n\n\n<p>Ai sensi e per gli effetti degli art. 1341 e 1342 c.c. le parti dichiarano di approvare espressamente i seguenti paragrafi del presente contratto: art.5 (Durata e decorrenza); art.6 (Obblighi e Responsabilit\u00e0); art. 11 (Modifica delle condizioni contrattuali); art. 12 (Clausola di risoluzione espressa); art. 14 (Legge applicabile), art. 15 (Foro competente e risoluzione stragiudiziale delle controversie).<\/p>\n","protected":false},"excerpt":{"rendered":"<p>Il Licenziatario, sulla base delle proprie esigenze, prende visione e sottoscrive il presente contratto e l\u2019ordine relativo ai servizi di fornitura del software in oggetto, che intende ottenere da: ABSOLUTE Snc Via Bocchi 32 &#8211; 50126 &#8211; Firenze P.IVA \u2013 Fiscale Codice: 06222500487 da ora in avanti Licenziante. Accettando il presente Contratto di licenza d\u2019uso [&hellip;]<\/p>\n","protected":false},"author":1000,"featured_media":0,"parent":0,"menu_order":0,"comment_status":"closed","ping_status":"closed","template":"","meta":{"vkexunit_cta_each_option":"","footnotes":""},"class_list":["post-109","page","type-page","status-publish","hentry"],"_links":{"self":[{"href":"https:\/\/absolutesoftware.it\/index.php\/wp-json\/wp\/v2\/pages\/109","targetHints":{"allow":["GET"]}}],"collection":[{"href":"https:\/\/absolutesoftware.it\/index.php\/wp-json\/wp\/v2\/pages"}],"about":[{"href":"https:\/\/absolutesoftware.it\/index.php\/wp-json\/wp\/v2\/types\/page"}],"author":[{"embeddable":true,"href":"https:\/\/absolutesoftware.it\/index.php\/wp-json\/wp\/v2\/users\/1000"}],"replies":[{"embeddable":true,"href":"https:\/\/absolutesoftware.it\/index.php\/wp-json\/wp\/v2\/comments?post=109"}],"version-history":[{"count":5,"href":"https:\/\/absolutesoftware.it\/index.php\/wp-json\/wp\/v2\/pages\/109\/revisions"}],"predecessor-version":[{"id":148,"href":"https:\/\/absolutesoftware.it\/index.php\/wp-json\/wp\/v2\/pages\/109\/revisions\/148"}],"wp:attachment":[{"href":"https:\/\/absolutesoftware.it\/index.php\/wp-json\/wp\/v2\/media?parent=109"}],"curies":[{"name":"wp","href":"https:\/\/api.w.org\/{rel}","templated":true}]}}