{"id":15,"date":"2017-07-31T09:55:10","date_gmt":"2017-07-31T07:55:10","guid":{"rendered":"http:\/\/absolutesoftware.it\/?page_id=15"},"modified":"2025-09-10T13:06:15","modified_gmt":"2025-09-10T11:06:15","slug":"hacab","status":"publish","type":"page","link":"https:\/\/absolutesoftware.it\/index.php\/hacab\/","title":{"rendered":"HACAB"},"content":{"rendered":"<p>\u00c8 il software che Absolute ha sviluppato per soddisfare le esigenze delle Agenzie di Viaggio pi\u00f9 esigenti. Sviluppato su infrastruttura cloud ed implementato con strumenti all\u2019avanguardia tutti di nostra produzione.<\/p>\n<h4 style=\"text-align: justify;\">HACAB &#8211; Hotel ACcomodation ABsolute \u00e8 multilingua, multivaluta e multimercato, \u00e8 dotato di un booking Engine ad alte prestazioni e comprende un gestionale completo per il flusso attivo ed il flusso passivo.<\/h4>\n<p>L\u2019accesso al sito \u00e8 regolato da password, i clienti della Agenzie di Viaggio potranno avere pi\u00f9 utenti registrati con ruoli diversificati fra Account Manager e Booking Client, attraverso i quali avranno accesso alle funzioni autorizzate.<\/p>\n<p style=\"text-align: justify;\">Il Booking Engine consente di effettuare la ricerca di pi\u00f9 camere simultaneamente e riesce a fornire le migliori soluzioni per ogni combinazione che rispetti i vincoli della richiesta e questo per ogni albergo inserito nel sistema.<\/p>\n<p style=\"text-align: justify;\">Il sistema gestisce le offerte speciali, le tariffe non rimborsabili, le cancellation e children policy. Tramite il Booking Engine sar\u00e0 possibile acquistare il trattamento desiderato per la camera scelta, oltre tutti gli altri servizi alberghieri che il fornitore propone.<\/p>\n<h4>Il nostro software consente all\u2019Agenzie di Viaggio di mettere in vendita una serie di servizi inerenti al mondo del turismo come i servizi di transfer, di guida, di biglietteria, visite ed escursioni. Le ricerche facili ed intuitive consentono alla clientela l\u2019acquisto combinato con il soggiorno in maniera semplice e naturale.<\/h4>\n<p style=\"text-align: justify;\">HACAB produce tutta la documentazione accessoria al viaggio, sia verso i clienti che verso i fornitori. Dal preventivo alla conferma, dalla richiesta del visto (per i paesi per i quali necessita) al voucher mantenendo la tracciabilit\u00e0 completa di ogni comunicazione. Ovviamente gestisce pagamenti tramite carta di credito o bonifico bancario.<\/p>\n<h4 style=\"text-align: justify;\">HACAB \u00e8 integrato con 15 Channel Manager sia ad una che a due vie, gestisce le camere in allotment ed extra-allotment, gestisce fornitori e camere occasionali.<\/h4>\n<p>L\u2019 Agenzia di Viaggio, attraverso la sezione amministrativa, pu\u00f2 accedere al pannello Close Dossier attraverso il quale \u00e8 possibile monitorare fatture attive e passive, pagamenti e incassi per ogni pratica inserita nel sistema. Attraverso il Customer Balance ricostruire la situazione finanziaria dei vostri clienti non sar\u00e0 pi\u00f9 un problema, cos\u00ec come l\u2019invio dei solleciti con allegato lo scadenzario.<\/p>\n<p style=\"text-align: justify;\">Altri pannelli della sezione amministrativa consentiranno di effettuare facilmente un riscontro fra le fatture fornitore con le pratiche in attesa di fattura in modo da minimizzare se non azzerare gli errori.<\/p>\n<p>HACAB si interfaccia con il software esterno di contabilit\u00e0 della SIAP.<\/p>\n<p>Il software viene fornito in licenza d\u2019uso a tempo indeterminato cos\u00ec come le eventuali implementazioni o personalizzazioni.<\/p>\n<h4>Licenza Software<\/h4>\n<p><a href=\"https:\/\/absolutesoftware.it\/index.php\/licenza-software\/\" target=\"_blank\" rel=\"noopener\">Clicca qui<\/a>\u00a0per visualizzare i Termini e Condizioni del Contratto di Licenza<\/p>\n","protected":false},"excerpt":{"rendered":"<p>\u00c8 il software che Absolute ha sviluppato per soddisfare le esigenze delle Agenzie di Viaggio pi\u00f9 esigenti. Sviluppato su infrastruttura cloud ed implementato con strumenti all\u2019avanguardia tutti di nostra produzione. HACAB &#8211; Hotel ACcomodation ABsolute \u00e8 multilingua, multivaluta e multimercato, \u00e8 dotato di un booking Engine ad alte prestazioni e comprende un gestionale completo per [&hellip;]<\/p>\n","protected":false},"author":1,"featured_media":0,"parent":0,"menu_order":0,"comment_status":"closed","ping_status":"closed","template":"","meta":{"vkexunit_cta_each_option":"","footnotes":""},"class_list":["post-15","page","type-page","status-publish","hentry"],"_links":{"self":[{"href":"https:\/\/absolutesoftware.it\/index.php\/wp-json\/wp\/v2\/pages\/15","targetHints":{"allow":["GET"]}}],"collection":[{"href":"https:\/\/absolutesoftware.it\/index.php\/wp-json\/wp\/v2\/pages"}],"about":[{"href":"https:\/\/absolutesoftware.it\/index.php\/wp-json\/wp\/v2\/types\/page"}],"author":[{"embeddable":true,"href":"https:\/\/absolutesoftware.it\/index.php\/wp-json\/wp\/v2\/users\/1"}],"replies":[{"embeddable":true,"href":"https:\/\/absolutesoftware.it\/index.php\/wp-json\/wp\/v2\/comments?post=15"}],"version-history":[{"count":10,"href":"https:\/\/absolutesoftware.it\/index.php\/wp-json\/wp\/v2\/pages\/15\/revisions"}],"predecessor-version":[{"id":124,"href":"https:\/\/absolutesoftware.it\/index.php\/wp-json\/wp\/v2\/pages\/15\/revisions\/124"}],"wp:attachment":[{"href":"https:\/\/absolutesoftware.it\/index.php\/wp-json\/wp\/v2\/media?parent=15"}],"curies":[{"name":"wp","href":"https:\/\/api.w.org\/{rel}","templated":true}]}}