{"id":152,"date":"2024-05-22T12:52:43","date_gmt":"2024-05-22T10:52:43","guid":{"rendered":"https:\/\/absolutesoftware.it\/?page_id=152"},"modified":"2025-09-10T13:06:13","modified_gmt":"2025-09-10T11:06:13","slug":"cespiti","status":"publish","type":"page","link":"https:\/\/absolutesoftware.it\/index.php\/cespiti\/","title":{"rendered":"Cespiti"},"content":{"rendered":"<p>Cespiti \u00e8 un applicazione web per la gestione dei beni strumentali aziendali. \u00c8 integrabile nativamente con <a href=\"https:\/\/absolutesoftware.it\/index.php\/contabilita-societa-sportive\/\">Contabilit\u00e0<\/a>, <a href=\"https:\/\/absolutesoftware.it\/index.php\/ritenute-dacconto\/\">Ritenute d\u2019acconto<\/a> e <a href=\"https:\/\/www.fattura.me\/\">Fattura.me<\/a> per costituire un pacchetto contabile, potente, semplice e completo.<\/p>\n<p>Cespiti gestisce i piani di ammortamento in funzione della tipologia dei beni, in questo modo calcola i maniera automatica le quote tenendo conto dei giorni di competenza dell\u2019anno.<\/p>\n<p>Stampa il libro dei beni ammortizzabili, il riepilogo degli ammortamenti e il libro dei beni inferiori a \u20ac516,46.<\/p>\n<p>In abbinamento a Contabilit\u00e0 e Fattura.me \u00e8 possibile inserire o dismettere i beni dal registro recuperandoli dalle fatture di acquisto e vendita.<\/p>\n<h2>Cespiti<\/h2>\n<p><strong>Cespite<\/strong><br \/>\nDalla scheda anagrafica \u00e8 possibile inserire e manutenere i beni ammortizzabili esistenti e generare il relativo piano di ammortamento in maniera automatica o manuale. Il piano d\u2019ammortamento pu\u00f2 esse modificato manualmente ed il software effettua le necessarie verifiche tenendo conto delle quote gi\u00e0 contabilizzate.<\/p>\n<p>Semplicemente attraverso la pressione di un bottone \u00e8 possibile effettuare la contabilizzazione automatica o manuale del bene all\u2019interno del software Contabilit\u00e0. Contiene anche delle utility per gestire suddivisione, variazione durata, sospensione annuale.<\/p>\n<p><strong>Libro Beni Ammortizzabili<\/strong><br \/>\nCespiti contiene una sezione stampe che consente di produrre il libro dei beni ammortizzabili, il Riepilogo ammortamento e il libro dei beni strumentali inferiori a \u20ac516,46.<\/p>\n<p>La stampa contiene le movimentazioni (acquisizioni e alienazioni) dei beni definibili come immobilizzazioni materiali e immobilizzazioni immateriali.Per ciascuno dei beni iscritti la stampa riporta: l\u2019anno di acquisizione, il costo storico, il coefficiente di ammortamento praticato nel periodo d\u2019imposta, il fondo di ammortamento (al termine del periodo d\u2019imposta precedente), la quota annuale di ammortamento e il residuo.<\/p>\n<p><strong>Scritture d\u2019ammortamento<\/strong><br \/>\nTra le scritture di assestamento da redigere al termine dell\u2019esercizio vi sono quelle relative all\u2019ammortamento delle immobilizzazioni materiali ed immateriali. Cespiti provvede anche alla generazione automatica di queste scritture di fine anno.<\/p>\n<p>Effettua il calcolo delle quote tendo conto dei giorni di competenza dell\u2019anno.<br \/>\nNaturalmente anche questa funzionalit\u00e0 \u00e8 attiva in abbinamento con <a href=\"https:\/\/absolutesoftware.it\/index.php\/contabilita-societa-sportive\/\">Contabilit\u00e0<\/a>.<\/p>\n<p><strong>Contabilizzazione Fatture<\/strong><br \/>\nDotandosi anche di <a href=\"https:\/\/absolutesoftware.it\/index.php\/contabilita-societa-sportive\/\">Contabilit\u00e0<\/a> \u00e8 possibile acquisire o alienare un bene strumentale prelevandolo direttamente dalla scrittura contabile.<\/p>\n<p>Adottando anche Fattura.me l\u2019automatismo completo sarebbe compiuto: Attraverso <a href=\"https:\/\/www.fattura.me\/\">Fattura.me<\/a>, Contabilit\u00e0 acquisisce le fatture attive e passive e le inserisce come scritture contabili, dopodich\u00e9 Cespiti acquisisce il bene attraverso la scrittura contabile di Contabilit\u00e0.<\/p>\n<p>Al momento dell\u2019acquisizione di un bene strumentale Cespiti fa partire un Wizard di Creazione attraverso il quale \u00e8 possibile verificare o modificare il piano di ammortamento automaticamente scelto.<\/p>\n<h2>Cespiti \u2013 Ricerche<\/h2>\n<h4>Ricerca Cespiti<\/h4>\n<p>Cespiti \u00e8 dotato di un sistema di ricerca che permette di ricercare i beni strumentali inseriti attraverso una ricerca libera, che consente di cercare per codice, descrizione, matricola, etc.<br \/>\nUn\u2019altra opportunit\u00e0 \u00e8 attraverso i filtri come la categoria, lo stato, il piano dei conti relativo, l\u2019anno di acquisizione, etc.<br \/>\nDalla Ricerca \u00e8 possibile accedere alla scheda dei singoli beni strumentali.<\/p>\n<h4>Ricerca Conti Cespiti<\/h4>\n<p>I conti relativi ai beni strumentali possono essere gestiti attraverso la Ricerca Conti Cespiti che permette di ricercare i conti inseriti attraverso una ricerca libera che consente di cercare per codice, descrizione, etc oppure attraverso filtri come la Famiglia. Dalla Ricerca \u00e8 possibile accedere alla scheda dei singoli conti e specificare i P.d.C. (fondo ammortamento, costo (amm.to), minusvalenza, plusvalenza) e % ammortamento annuale, % ammortamento primo anno.<\/p>\n<h4>Licenza Software<\/h4>\n<p><a href=\"https:\/\/absolutesoftware.it\/index.php\/licenza-software\/\" target=\"_blank\" rel=\"noopener\">Clicca qui<\/a>\u00a0per visualizzare i Termini e Condizioni del Contratto di Licenza<\/p>\n","protected":false},"excerpt":{"rendered":"<p>Cespiti \u00e8 un applicazione web per la gestione dei beni strumentali aziendali. \u00c8 integrabile nativamente con Contabilit\u00e0, Ritenute d\u2019acconto e Fattura.me per costituire un pacchetto contabile, potente, semplice e completo. Cespiti gestisce i piani di ammortamento in funzione della tipologia dei beni, in questo modo calcola i maniera automatica le quote tenendo conto dei giorni [&hellip;]<\/p>\n","protected":false},"author":1000,"featured_media":0,"parent":0,"menu_order":0,"comment_status":"closed","ping_status":"closed","template":"","meta":{"vkexunit_cta_each_option":"","footnotes":""},"class_list":["post-152","page","type-page","status-publish","hentry"],"_links":{"self":[{"href":"https:\/\/absolutesoftware.it\/index.php\/wp-json\/wp\/v2\/pages\/152","targetHints":{"allow":["GET"]}}],"collection":[{"href":"https:\/\/absolutesoftware.it\/index.php\/wp-json\/wp\/v2\/pages"}],"about":[{"href":"https:\/\/absolutesoftware.it\/index.php\/wp-json\/wp\/v2\/types\/page"}],"author":[{"embeddable":true,"href":"https:\/\/absolutesoftware.it\/index.php\/wp-json\/wp\/v2\/users\/1000"}],"replies":[{"embeddable":true,"href":"https:\/\/absolutesoftware.it\/index.php\/wp-json\/wp\/v2\/comments?post=152"}],"version-history":[{"count":1,"href":"https:\/\/absolutesoftware.it\/index.php\/wp-json\/wp\/v2\/pages\/152\/revisions"}],"predecessor-version":[{"id":154,"href":"https:\/\/absolutesoftware.it\/index.php\/wp-json\/wp\/v2\/pages\/152\/revisions\/154"}],"wp:attachment":[{"href":"https:\/\/absolutesoftware.it\/index.php\/wp-json\/wp\/v2\/media?parent=152"}],"curies":[{"name":"wp","href":"https:\/\/api.w.org\/{rel}","templated":true}]}}