{"id":33,"date":"2017-07-31T11:59:33","date_gmt":"2017-07-31T09:59:33","guid":{"rendered":"http:\/\/absolutesoftware.it\/?page_id=33"},"modified":"2025-09-10T13:06:14","modified_gmt":"2025-09-10T11:06:14","slug":"contabilita-societa-sportive","status":"publish","type":"page","link":"https:\/\/absolutesoftware.it\/index.php\/contabilita-societa-sportive\/","title":{"rendered":"Contabilit\u00e0 &#8211; Societ\u00e0 Sportive"},"content":{"rendered":"<h4>E&#8217; un software di contabilit\u00e0 specificatamente progettato per gli enti di promozione sportiva, integrabile con il software di tesseramento, e per le societ\u00e0 sportive ASD.<\/h4>\n<p>Contabilit\u00e0 utilizza un Piano dei Conti su n livelli personalizzabile, con anagrafiche complete di clienti e fornitori, di cui gestisce anche lo scadenzario. Il programma ha la possibilit\u00e0 di attivare una Contabilit\u00e0 Analitica per Centri di Costo su n livelli.<\/p>\n<p>Contabilit\u00e0 ha la possibilit\u00e0 di avere vari livelli di accesso per gli operatori, infatti, comprende anche una sezione dove potranno accedere soltanto gli operatori amministratori del sistema contabile i quali avranno abilitate tutte quelle funzioni che per l\u2019operatore comune erano totalmente trasparenti o non disponibili. Gli amministratori avranno la possibilit\u00e0 di effettuare giroconti, inserire nuovi piani dei conti e tutte quelle operazioni messe a disposizione da un ordinario programma di contabilit\u00e0.<\/p>\n<p>Il software consente, ad utenti con nessuna formazione contabile, di fare scritture contabili anche complesse, semplicemente producendo le ricevute di incasso o di pagamento. Questa semplice produzione di documenti nasconde in realt\u00e0 scritture contabili vere e proprie che l&#8217;operatore a contatto con il pubblico non si rende neppure conto di fare.<\/p>\n<h4>Contabilit\u00e0 &#8211; Tesseramento copre perfettamente le esigenze dei cosiddetti software da banco e produce documentazione attestante pagamenti e riscossioni.<\/h4>\n<p>Il programma di contabilit\u00e0 \u00e8 diviso in sezioni che ne caratterizzano le peculiarit\u00e0:<\/p>\n<ul>\n<li>Tabelle base di configurazione: Opzioni, Azienda, Operatori<\/li>\n<li>Tabelle: Anagrafica clienti\/fornitori, Piano dei conti, Centri di costo, Causali (permette di gestire causali di tipo chiusura bilancio, corrispettivi, fattura acquisto, fattura vendita, giroconti apertura bilancio, incasso fattura, movimento, nota credito acquisti, nota credito vendite, nota debito acquisti, nota debito vendita, pagamento fattura, ricevuta entrata, ricevuta uscita, stipendi. Per ogni causale \u00e8 possibile indicare il Piano dei conti in dare\/avere, il tipo di ricevente (cliente, fornitore, nessuno). Consente di creare e personalizzare causali che generano una scrittura complessa inserendo tutti conti che andranno a comporre la scrittura del movimento e potendo indicare per ogni riga se il conto \u00e8 opzionale e se \u00e8 in dare o in avere), IVA, Pagamenti.<\/li>\n<li>Contabilit\u00e0: Scadenzario, gestione partite, procedure guidate per l&#8217;inserimento dei documenti (fatture, note credito, note debito, corrispettivi), procedure guidate per il pagamento e l&#8217;incasso, possibilit\u00e0 di creare procedure guidate personalizzate per l&#8217;inserimento di movimenti contabili (es. stipendi), possibilit\u00e0 di gestire sedi decentrate dalle quali gestire i movimenti contabili, Centri di Costo, chiusura bilancio automatica (personalizzabile tramite il meccanismo delle causali), Riclassificazione del piano dei conti (CTS, etc), Ricerche(si possono effettuare filtraggi di ogni tipo: Per operatore, per piano dei conti, per prodotto, da data a data, da n\u00b0movimento a n\u00b0movimento, etc) per arrivare a visualizzare ed analizzare i dati desiderati. Si pu\u00f2 inoltre decidere se visualizzare il movimento nel dettaglio (piano dei conti) oppure in maniera sintetica (data e numero movimento), Storno, Gestione Anticipi, Incassi e Pagamenti in blocco, Altre funzionalit\u00e0 (Ricerca movimenti sbilanciati, possibilit\u00e0 di creare impianti contabili importando i dati da una societ\u00e0 sportiva modello, rettifiche manuali per partite).<\/li>\n<\/ul>\n<p>Contabilit\u00e0 mette a disposizione numerose stampe tra le quali il riepilogo movimenti per Centro di Costo, prodotto e piano dei conti con e senza dettaglio, la prima nota , i mastrini per sottoconto, il bilancio (normale, scalare, comparativo e riclassificato), giornale provvisorio e definitivo, scadenze, partite, piano dei conti. Ognuna di queste stampe va a produrre un risultato basato sui movimenti selezionati tramite la maschera di filtro. Tutti i filtri presenti nella maschera possono essere utilizzati singolarmente oppure combinati fra loro per giungere al risultato interessato.<br \/>\nIl risultato corrisponde ad una lista di movimenti che, come succede per ogni lista che il programma produce, pu\u00f2 essere analizzata in vari modi, grazie alle procedure di ordinamento avanzato.<\/p>\n<p>Sicurezza:<\/p>\n<p>La sicurezza \u00e8 garantita tramite la gestione degli operatori e dalla gestione dei diritti di questi, infatti esistono tre livelli di sicurezza attraverso i quali si concedono o si negano le autorizzazioni ad effettuare determinate operazioni. La sicurezza per accesso alla tabella operatori \u00e8 garantita tramite utente database e la crittografazione dei dati in essa contenuti.<\/p>\n<p>Contabilit\u00e0 \u00e8 progettato per soddisfare diversi tipi di necessit\u00e0 aziendali e tipologie di clienti, ma \u00e8 sfruttato al massimo delle sue potenzialit\u00e0 in un ambiente distribuito, anche geograficamente, dove evidenzia le sue performance di prestazioni ed affidabilit\u00e0.<\/p>\n<p>Contabilit\u00e0\u00a0viene fornito in licenza d&#8217;uso a tempo indeterminato cos\u00ec come le eventuali implementazioni, personalizzazioni o modifiche.<\/p>\n<h4>Licenza Software<\/h4>\n<p><a href=\"https:\/\/absolutesoftware.it\/index.php\/licenza-software\/\" target=\"_blank\" rel=\"noopener\">Clicca qui<\/a>\u00a0per visualizzare i Termini e Condizioni del Contratto di Licenza<\/p>\n","protected":false},"excerpt":{"rendered":"<p>E&#8217; un software di contabilit\u00e0 specificatamente progettato per gli enti di promozione sportiva, integrabile con il software di tesseramento, e per le societ\u00e0 sportive ASD. Contabilit\u00e0 utilizza un Piano dei Conti su n livelli personalizzabile, con anagrafiche complete di clienti e fornitori, di cui gestisce anche lo scadenzario. Il programma ha la possibilit\u00e0 di attivare [&hellip;]<\/p>\n","protected":false},"author":1,"featured_media":0,"parent":0,"menu_order":0,"comment_status":"closed","ping_status":"closed","template":"","meta":{"vkexunit_cta_each_option":"","footnotes":""},"class_list":["post-33","page","type-page","status-publish","hentry"],"_links":{"self":[{"href":"https:\/\/absolutesoftware.it\/index.php\/wp-json\/wp\/v2\/pages\/33","targetHints":{"allow":["GET"]}}],"collection":[{"href":"https:\/\/absolutesoftware.it\/index.php\/wp-json\/wp\/v2\/pages"}],"about":[{"href":"https:\/\/absolutesoftware.it\/index.php\/wp-json\/wp\/v2\/types\/page"}],"author":[{"embeddable":true,"href":"https:\/\/absolutesoftware.it\/index.php\/wp-json\/wp\/v2\/users\/1"}],"replies":[{"embeddable":true,"href":"https:\/\/absolutesoftware.it\/index.php\/wp-json\/wp\/v2\/comments?post=33"}],"version-history":[{"count":11,"href":"https:\/\/absolutesoftware.it\/index.php\/wp-json\/wp\/v2\/pages\/33\/revisions"}],"predecessor-version":[{"id":123,"href":"https:\/\/absolutesoftware.it\/index.php\/wp-json\/wp\/v2\/pages\/33\/revisions\/123"}],"wp:attachment":[{"href":"https:\/\/absolutesoftware.it\/index.php\/wp-json\/wp\/v2\/media?parent=33"}],"curies":[{"name":"wp","href":"https:\/\/api.w.org\/{rel}","templated":true}]}}