{"id":52,"date":"2018-07-18T17:30:34","date_gmt":"2018-07-18T15:30:34","guid":{"rendered":"http:\/\/absolutesoftware.it\/?page_id=52"},"modified":"2025-09-10T13:06:18","modified_gmt":"2025-09-10T11:06:18","slug":"soluzioni-plus","status":"publish","type":"page","link":"https:\/\/absolutesoftware.it\/index.php\/soluzioni-plus\/","title":{"rendered":"Soluzioni Plus"},"content":{"rendered":"<p align=\"justify\"><strong>Soluzioni Plus<\/strong>\u00a0\u00e8 il gestionale sviluppato da ABSOLUTE, per fornire una gestione automatizzata e geograficamente distribuita per la piccola e media azienda.<br \/>\nSoluzioni Plus, grazie alla sua integrazione totale con i prodotti Microsoft \u00e8 altamente personalizzabile e cosa pi\u00f9 importante, qualsiasi implementazione avviene ad una velocit\u00e0 che non ha precedenti. Questa caratteristica ha fatto di\u00a0<strong>Soluzioni Plus<\/strong>\u00a0la soluzione pi\u00f9 ricercata dalle aziende che desiderano rinnovare il proprio sistema informativo, proprio per la celerit\u00e0 con la quale il sistema si adatta per soddisfare ogni personalizzazione richiesta.<\/p>\n<p align=\"justify\"><strong>Soluzioni Plus\u00a0<\/strong>non \u00e8 realizzato con pesanti CASE o peggio ancora con sistemi obsoleti, ma con le pi\u00f9 moderne tecnologie messe a disposizione da Microsoft.<br \/>\nL\u2019integrazione con i prodotti Office \u00e8 assoluta, l\u2019adeguamento per la conformit\u00e0 alla legge per la tutela dei dati e della Privacy \u00e8 stato introdotta fin dalla sua prima pubblicazione e soprattutto Soluzioni Plus\u00a0consente di lavorare da posti geograficamente distribuiti senza doversi dotare di hardware esagerati, ma semplicemente sfruttando le caratteristiche di estrema versatilit\u00e0 del software.<\/p>\n<p><strong>Soluzioni Plus<\/strong>\u00a0\u00e8 multi azienda e multi lingua consente cio\u00e8 di gestire ed amministrare con un solo software N aziende e di rapportarsi con i propri clienti nella loro lingua d\u2019origine.<\/p>\n<p align=\"justify\"><strong>Soluzioni Plus<\/strong>\u00a0copre in modo esauriente ogni area funzionale dell\u2019azienda, i numerosi moduli del programma, relativi a ordini, organizzazione di magazzino, vendite, produzione, logistica, gestione documentale, soddisfano in maniera completa ogni esigenza.<\/p>\n<h4 align=\"justify\">Soluzione Plus\u00a0\u00e8 una fuori serie.<\/h4>\n<p align=\"justify\">Si parte da un modello gi\u00e0 ai massimi livelli di performance e lo si caratterizza con gli optional e gli assetti desiderati. E\u2019 una soluzione completa, tecnologicamente avanzata e fortemente scalabile.\u00a0Soluzione Plus\u00a0\u00e8 adatto all\u2019impresa che cresce e deve risolvere problemi sempre pi\u00f9 complessi e gestire carichi di lavoro in aumento; La struttura modulare, consente di scegliere i moduli che pi\u00f9 si adattano alle necessit\u00e0 aziendali, senza correre il rischio di sovradimensionare o sottodimensionare il sistema.<\/p>\n<h4 align=\"justify\">AREA AMMINISTRAZIONE<\/h4>\n<p align=\"justify\">Soluzioni Plus si integra alla perfezione con i migliori software di contabilit\u00e0, contabilizza automaticamente o su richiesta\u00a0i documenti clienti e fornitori.\u00a0Gestisce qualunque tipo di divisa.<\/p>\n<h4 align=\"justify\">MAGAZZINO E LOGISTICA<\/h4>\n<p align=\"justify\">Soluzioni Plus contiene funzionalit\u00e0 da logistica avanzata, ad esempio per ogni prodotto \u00e8 possibile definire tutte le unit\u00e0 di misura con cui il prodotto pu\u00f2 essere acquistato\/venduto. Ad esempio un prodotto potrebbe arrivare in pallet ed essere venduto in scatole e\/o confezioni. Soluzioni Plus vi permette di definire N livelli di unit\u00e0 di misura e di definire per ognuna dimensioni, peso, unit\u00e0 di conversione con l\u2019unit\u00e0 di misura del livello precedente (Es. in una scatola ci sono 32 confezioni, etc). Vi consente anche di attribuire o memorizzare un codice a barre diverso per ogni unit\u00e0 di misura definita e, ancor pi\u00f9, \u00e8 possibile definire N codici univoci da abbinare ad\u00a0un prodotto\/variante\/unit\u00e0 di misura cos\u00ec da poter gestire, attraverso il codice,vendite effettuate in campagne pubblicitarie o cataloghi diversi per poter valutare la redditivit\u00e0 di ogni catalogo o campagna.<\/p>\n<p align=\"justify\">La\u00a0caratteristica di poter gestire N combinazioni di prodotto\/variante\/unit\u00e0 di misura, unita\u00a0alla gestione del magazzino per ubicazioni, consente a Soluzioni Plus di creare liste di picking per la preparazione degli ordini.<\/p>\n<p align=\"justify\">Tutti i posizionamenti, all\u2019arrivo della merce o dovuti a riorganizzazioni interne del magazzino, sono effettuabili tramite palmare.<\/p>\n<p align=\"justify\">Qualora vi serviste di un corriere esterno per la consegna della merce, Soluzioni Plus vi consente di generare delle picking list ottimizzate. Alla generazione della picking Soluzioni Plus provvede alla stampa di un etichetta per ogni collo riportante gli estremi del cliente con i riferimenti al documento con il quale il collo uscir\u00e0 di magazzino. La sequenza delle etichette rispetta esattamente la sequenza di picking proposta al magazziniere, ovviamente la sequenza di picking ne risulter\u00e0 enormemente ottimizzata, perch\u00e9 non c\u2019\u00e8 alcun bisogno di completare ordine per ordine, ma la priorit\u00e0 \u00e8 la minimizzazione dei tempi di prelievo.<\/p>\n<p align=\"justify\">Sar\u00e0 poi compito del corriere dividere i colli cliente per cliente.<\/p>\n<h4>MAGAZZINO<\/h4>\n<p>Soluzioni Plus\u00a0gestisce contemporaneamente pi\u00f9 magazzini fisici e\/o logici. Gli articoli di magazzino e i servizi possono essere gestiti separatamente (anche utilizzando codici di ricerca alternativi, come i barcode), e sono sempre tenute sotto controllo le quantit\u00e0 esistenti, impegnate, ordinate ed eventuali articoli sotto scorta.<br \/>\n\u00c8 possibile stampare l\u2019inventario e valorizzare il magazzino in base ai pi\u00f9 diffusi criteri: LIFO, FIFO, costo medio ponderato, etc.<\/p>\n<p>Calcola Magazzino: consente di visualizzare l\u2019elenco dei prodotti giacenti in magazzino con le relative quantit\u00e0. I dati possono essere cercati attraverso l\u2019utilizzo di filtri, che consentono di trovare tutti i record contenenti quel dato specifico.<\/p>\n<p>Prodotti (articoli presenti in magazzino): Inserimento, modifica, cancellazione, stampa. Gestisce infiniti listini di acquisto\/vendita, le unit\u00e0 presenti in magazzino, le categorie merceologiche (ogni prodotto pu\u00f2 essere associato ad N categorie), le varianti, le matricole, i lotti e le foto del prodotto. Ma non \u00e8 finita qui,\u00a0all\u2019interno della scheda Prodotti \u00e8 possibile definire gli articoli alternativi da proporre al cliente in caso di esaurimento dell\u2019articolo selezionato e le schede tecniche del prodotto sotto forma di documenti allegati (PDF, DOC, etc)<br \/>\nVarianti e modelli: E&#8217; possibile inserire e gestire gruppi di varianti e modelli in base alle quali generare automaticamente le varianti possibili per ogni prodotto.<br \/>\nChiudi anno e movimenti inizio anno: Procedura guidata attraverso la quale \u00e8 possibile a fine anno chiudere il magazzino con le unit\u00e0 giacenti e caricarlo delle stesse quantit\u00e0 nell\u2019anno successivo. E\u2019 possibile generare automaticamente le rettifiche inventariali, per riconciliare l\u2019inventario fisico con quello gestionale.<br \/>\nValorizza magazzino: procedura guidata che consente di valorizzare il magazzino, con la possibilit\u00e0 di impostare i pi\u00f9 diffusi criteri di valorizzazione: LIFO, FIFO, costo medio ponderato, etc.<\/p>\n<h4 align=\"justify\">MAGAZZINO FUNZIONI AVANZATE<\/h4>\n<p align=\"justify\">Il modulo Magazzino Funzioni Avanzate permette di ottenere una tracciabilit\u00e0 totale delle transazioni logistiche, sia la tracciabilit\u00e0 verso l\u2019esterno (chi ha comprato cosa), sia quella interna (articoli utilizzati per la produzione di un certo articolo):\u00a0Lotti, intesi come insiemi quantitativi di uno stesso articolo, resi omogenei dalla stessa partita di carico o da una variante;\u00a0Depositi, utilizzati per il trasporto;\u00a0Matricole, che individuano in modo specifico un\u2019unit\u00e0 dell\u2019articolo.<br \/>\nRelativamente a tali dimensioni logistiche viene garantita la tracciabilit\u00e0.<\/p>\n<p align=\"justify\">Contiene report che permettono di tenere sotto controllo il magazzino e le vendite, ad esempio prospetti del venduto, dell\u2019ordinato e del bollettato per cliente, categoria anagrafica, zona, agente e modalit\u00e0 di pagamento. Sono disponibili diversi report e visualizzazioni che consentono di monitorare ogni aspetto del portafoglio ordini e la disponibilit\u00e0 nel tempo degli articoli.<\/p>\n<h4 align=\"justify\">LOGISTICA E PIANI DI CARICO<\/h4>\n<p align=\"justify\">Il modulo logistica e piani di carico \u00e8 attivo soltanto con il modulo Magazzino Funzioni Avanzate, perch\u00e9 necessita della gestione degli articoli per matricola.<br \/>\nE\u2019 possibile includere in un unico piano di carico, anche tramite il lettore ottico, ordini cliente prodotti in commesse differenti o anche semplici ordini cliente non transitati dalla filiera produttiva. Il software provveder\u00e0, tramite l\u2019integrazione con Microsoft MapPoint,a tracciare l\u2019itinerario migliore per effettuare le consegne a tutti i clienti i cui ordini sono stati inclusi nella stessa distinta di carico. E\u2019 possibile impostare la durata e la frequenza delle soste e obbligare l\u2019ordine di alcune o di tutte le tappe. Una volta generato il percorso il software sar\u00e0 in grado fornire l\u2019esatto ordine con il quale la merce dovr\u00e0 essere caricata per non avere problemi in fase di consegna.<\/p>\n<h4 align=\"justify\">GESTIONE DOCUMENTI<\/h4>\n<p align=\"justify\">Soluzioni Plus\u00a0gestisce in inserimento modifica e cancellazione Preventivi clienti, Ordini clienti\/fornitori, Bolle clienti\/fornitori, Fatture clienti\/fornitori, Fatture Accompagnatorie clienti\/fornitori, Note credito e debito clienti\/fornitori, Cassa clienti, Fattura Proforma, Movimenti Magazzino, Distinte merce, Picking List, Packing List.<\/p>\n<p align=\"justify\">Tramite delle procedure guidate consente di gestire:<br \/>\nEvasione parziale ordini: procedura guidata attraverso la quale \u00e8 possibile gestire l\u2019evasione parziale di un ordine Cliente o fornitore<br \/>\nTrasformazione documenti: procedura guidata attraverso la quale \u00e8 possibile trasformare automaticamente un documento in un altro, di qualsiasi altro tipo. Questa funzionalit\u00e0 \u00e8 utile, per esempio, per la fatturazione differita quindicinale o mensile, per la trasformazione di un preventivo in un ordine, di un ordine in una bolla, di una bolla in una fattura, etc.<br \/>\nScadenzario clienti\/fornitori: inserimento, modifica, cancellazione, stampa. Gestisce le scadenze clienti e fornitori, salva RI.BA. su supporto magnetico per presentazione in banca, gestione \u201cpaga provvigioni\u201d agenti.<\/p>\n<h4 align=\"justify\">LISTINI E SCONTI<\/h4>\n<p align=\"justify\"><strong>Soluzioni Plus<\/strong>\u00a0permette di definire sconti o maggiorazioni in base alla categoria di appartenenza del cliente e dell\u2019articolo\/servizio o della categoria merceologica. Tramite l\u2019applicazione degli sconti \u00e8 anche possibile generare dei listini particolari da poter abbinare al cliente\/fornitore o al prodotto\/categoria merceologica.<br \/>\nLa gestione e la stampa dei listini \u00e8 un modulo particolarmente curato e dotato di una potenza notevole: le stampe sono tutte personalizzabili e si pu\u00f2 tranquillamente arrivare a stampare un vero e proprio catalogo commerciale allegabile ad un messaggio pubblicitario che vorrete inviare ai vostri clienti, cos\u00ec come sar\u00e0 possibile ricalcolare un listino sulla base di un altro forzando l\u2019arrotondamento a ,99 piuttosto che a cifra tonda. I listini sono multi divisa.<br \/>\nE\u2019 possibile ricalcolare un listino sulla base del listino a costo standard.<br \/>\nOgni documento pu\u00f2 essere emesso nella divisa desiderata, ed esponendo il marchio commerciale che si \u00e8 deciso di abbinare ad un determinato prodotto o ad un determinato cliente.<\/p>\n<p align=\"justify\">Se gestite, in vendita, molte unit\u00e0 di misura diverse per ogni articolo, Soluzioni Plus vi consente di impostare il prezzo su una qualunque e lasciare che a propagare il giusto prezzo sulle altre unit\u00e0 di misura sia il software. Naturalmente potete impostare prezzi non proporzionali, ma commerciali inserendoli manualmente per ogni unit\u00e0 di misura.<\/p>\n<h4 align=\"justify\">ANAGRAFICHE, AGENTI E PROVVIGIONI<\/h4>\n<p align=\"justify\">Soluzioni Plus cataloga tutte le anagrafiche dalla stessa maschera e tramite degli appositi campi le caratterizza, permettendo cos\u00ec di definire la stessa anagrafica come cliente e fornitore o con qualsiasi altra combinazione di cliente, fornitore, terzista, corriere, agente, destinatario. Con l\u2019evidente vantaggio che non capiter\u00e0 mai di disallineare due anagrafiche perch\u00e9 abbiamo cambiato l\u2019indirizzo sulla scheda cliente, ma non sul quella fornitore. All\u2019interno delle anagrafiche vengono gestite rubrica e\u00a0comunicazioni per l\u2019archiviazione dei colloqui avuti con clienti, fornitori, vettori, agenti. Vengono gestite le banche, destinatari diversi, le spese \u00a0standard riservate ed allegati di ogni tipo come contratti o immagini di prototipi o documenti vari.<\/p>\n<p align=\"justify\">E\u2019\u00a0possibile gestire il fido clienti differenziando fra fido SIAC e fido interno: calcola l\u2019esposizione di ogni debitore e consente di bloccare l\u2019emissione dei documenti nel caso in cui il debito superi il fido precedentemente assegnato. Il modulo, inoltre, calcola le provvigioni ad agenti e capi area.<\/p>\n<p align=\"justify\">Soluzioni plus si interfaccia con\u00a0<strong>Ordini Web<\/strong>\u00a0per la gestione degli ordini provenienti dalla forza vendita. Gestisce e calcola provvigioni agenti per fasce di sconto per listino, per prodotto o per categorie di prodotti<\/p>\n<h4 align=\"justify\">STAMPE<\/h4>\n<p align=\"justify\">Il programma mette a disposizione dell\u2019utente numerose stampe, le pi\u00f9 significative (ad esempio ordini, fatture, preventivi, etc) delle quali, interamente personalizzabili. Attraverso il \u201cmodulo modifica stampe\u201d \u00e8 infatti possibile modificare ogni aspetto dei report (caratteri, colori, formattazione della pagina, il contenuto dei dati stampati, inserire immagini, etc.), in maniera molto semplice. Naturalmente ogni stampa modificata pu\u00f2 essere salvata e riutilizzata, quando necessario, richiamandola direttamente dal men\u00f9 del programma nella quale sar\u00e0 integrata automaticamente. Le stampe possono essere prodotte in vari formati, cos\u00ec da poter essere inviate via e-mail. La routine di modifica stampe mette a disposizione anche funzionalit\u00e0 avanzate che consentono di effettuare raggruppamenti, sub totali, ordinamenti, operazioni fra stringhe, fra numeri e date. Per gli utenti pi\u00f9 esperti il modulo modifica stampe mette a disposizione anche un macro linguaggio con il quale \u00e8 possibile giungere a dei risultati incredibili per una routine di stampa. Viste le innumerevoli stampe presenti \u00e8 stato introdotto uno strumento per la ricerca delle stampe all\u2019interno del programma<\/p>\n<h4>MODULO CASSA<\/h4>\n<p>Per integrare qualsiasi registratore di cassa con Soluzioni\u00a0Plus, emettere scontrino, effettuare storni, gestire il reso cliente che ha acquistato con scontrino ed una ricerca avanzata che permette di trovare velocemente gli scontrini desiderati. Naturalmente il modulo cassa permette di scaricare il magazzino.<\/p>\n<h4>MODULO INTERVENTI<\/h4>\n<p>Per gestire interventi di manutenzione ordinaria\u00a0e straordinaria<\/p>\n<p align=\"justify\"><strong>Caratteristiche tecniche:<\/strong><\/p>\n<p align=\"justify\">Soluzioni Plus\u00a0\u00e8 una solida infrastruttura che vi lascia liberi di scegliere la base dati sulla quale sviluppare il vostro business. Il programma pu\u00f2 utilizzare sia Microsoft Access che Microsoft SQL Server e si pu\u00f2 interfacciare ad una serie infinita di database preesistenti.<br \/>\nSoluzioni Plus\u00a0\u00e8 progettato per soddisfare le esigenze di diverse tipologie di utenti, mantenendo la massima affidabilit\u00e0. E\u2019 in grado di funzionare su un singolo PC o su una rete locale, conservando immutate le sue caratteristiche.<\/p>\n<p align=\"justify\"><strong>Sicurezza<\/strong><\/p>\n<p align=\"justify\">La sicurezza \u00e8 garantita tramite la gestione degli operatori e dalla gestione dei diritti di questi. E\u2019 possibile creare un numero infinito di gruppi di operatori attraverso i quali si concedono o si negano le autorizzazioni ad effettuare determinate operazioni. Il livello pi\u00f9 alto, amministratore di sistema, non ha alcuna limitazione nell\u2019utilizzo di Soluzioni Plus\u00a0ed \u00e8 l\u2019unico che pu\u00f2 inserire le aziende\/a che saranno gestite, impostare le opzioni delle stesse, ma soprattutto \u00e8 l\u2019unico che pu\u00f2 cambiare i diritti di tutti gli altri utenti. Per ogni maschera e per ogni stampa \u00e8 possibile attribuire i privilegi che si intendono concedere ad ognuno dei gruppi di utenti.<br \/>\nLa sicurezza per accesso alla tabella operatori \u00e8 garantita tramite utente database e la crittografazione dei dati in essa contenuti.<\/p>\n<h4>Licenza Software<\/h4>\n<p><a href=\"https:\/\/absolutesoftware.it\/index.php\/licenza-software-soluzioni-plus\/\" target=\"_blank\" rel=\"noopener\">Clicca qui<\/a>\u00a0per visualizzare i Termini e Condizioni del Contratto di Licenza<\/p>\n","protected":false},"excerpt":{"rendered":"<p>Soluzioni Plus\u00a0\u00e8 il gestionale sviluppato da ABSOLUTE, per fornire una gestione automatizzata e geograficamente distribuita per la piccola e media azienda. Soluzioni Plus, grazie alla sua integrazione totale con i prodotti Microsoft \u00e8 altamente personalizzabile e cosa pi\u00f9 importante, qualsiasi implementazione avviene ad una velocit\u00e0 che non ha precedenti. Questa caratteristica ha fatto di\u00a0Soluzioni Plus\u00a0la [&hellip;]<\/p>\n","protected":false},"author":1,"featured_media":0,"parent":0,"menu_order":0,"comment_status":"closed","ping_status":"closed","template":"","meta":{"vkexunit_cta_each_option":"","footnotes":""},"class_list":["post-52","page","type-page","status-publish","hentry"],"_links":{"self":[{"href":"https:\/\/absolutesoftware.it\/index.php\/wp-json\/wp\/v2\/pages\/52","targetHints":{"allow":["GET"]}}],"collection":[{"href":"https:\/\/absolutesoftware.it\/index.php\/wp-json\/wp\/v2\/pages"}],"about":[{"href":"https:\/\/absolutesoftware.it\/index.php\/wp-json\/wp\/v2\/types\/page"}],"author":[{"embeddable":true,"href":"https:\/\/absolutesoftware.it\/index.php\/wp-json\/wp\/v2\/users\/1"}],"replies":[{"embeddable":true,"href":"https:\/\/absolutesoftware.it\/index.php\/wp-json\/wp\/v2\/comments?post=52"}],"version-history":[{"count":9,"href":"https:\/\/absolutesoftware.it\/index.php\/wp-json\/wp\/v2\/pages\/52\/revisions"}],"predecessor-version":[{"id":129,"href":"https:\/\/absolutesoftware.it\/index.php\/wp-json\/wp\/v2\/pages\/52\/revisions\/129"}],"wp:attachment":[{"href":"https:\/\/absolutesoftware.it\/index.php\/wp-json\/wp\/v2\/media?parent=52"}],"curies":[{"name":"wp","href":"https:\/\/api.w.org\/{rel}","templated":true}]}}