{"id":60,"date":"2018-07-18T19:35:30","date_gmt":"2018-07-18T17:35:30","guid":{"rendered":"http:\/\/absolutesoftware.it\/?page_id=60"},"modified":"2025-09-10T13:06:17","modified_gmt":"2025-09-10T11:06:17","slug":"ritenute-dacconto","status":"publish","type":"page","link":"https:\/\/absolutesoftware.it\/index.php\/ritenute-dacconto\/","title":{"rendered":"Ritenute d&#8217;acconto"},"content":{"rendered":"<h4><strong>RITENUTE D\u2019ACCONTO<\/strong><\/h4>\n<p>\u00e8 un software utile a chi deve emettere ritenuta di acconto, ma ancor pi\u00f9 alle aziende che le ricevono e devono emettere certificazione annuale e desiderano avere una gestione automatizzata di queste attivit\u00e0. Ritenute d\u2019acconto gestisce le ritenute per prestazione occasionale, le ritenute professionisti con ritenuta al 20%, le ritenute per attivit\u00e0 sportiva e le ritenute di acconto per prestazioni inerenti contratti di appalto con ritenuta al 4%.<\/p>\n<h4>Ritenute d\u2019acconto \u00e8 multi aziendale<\/h4>\n<p>, infatti \u00e8 possibile inserire al suo interno N sostituti d\u2019imposta per i quali il software riesce a stampare il modulo F24 (del quale replica anche il modello) da presentare in banca. Stampa ogni tipo di ritenuta che gestisce.<br \/>\nIl software \u00e8 completamente parametrico e permette la modifica di ogni aliquota IVA, tetto previdenziale ed IRPEF, ritenuta di acconto e codice tributo che amministra.<\/p>\n<p>Le sezioni riservate alle societ\u00e0 sportive ed agli amministratori di condominio sono molto curate. Nella sezione per prestazioni inerenti attivit\u00e0 sportive esiste la possibilit\u00e0 di inserire, qualora se ne abbia la necessit\u00e0, il dettaglio delle prestazioni effettuate andando a specificare le causali, con una descrizione aggiuntiva, le ore lavorate o le prestazioni effettuate con calcolo automatico dell\u2019importo totale.<\/p>\n<p>E\u2019 possibile effettuare estrazioni per tipologia di pagamento indicato, cos\u00ec da poter avere sempre disponibile una lista dei pagamenti da effettuare per banca, tale lista naturalmente pu\u00f2 essere esportata per una semplice presentazione.<\/p>\n<p>Nella sezione riservata alle prestazioni inerenti contratti di appalto sono gestite tutte le problematiche relative al condominio inteso come sostituto di imposta. E\u2019 possibile effettuare delle estrazioni per condominio e per codice tributo in maniera da abbinare il riepilogo alla stampa dell\u2019F24.<\/p>\n<h4>Ritenute d\u2019acconto gestisce i centri di costo<\/h4>\n<p>, le causali, il collegamento a Contabilit\u00e0 &#8211; Societ\u00e0 Sportive, per il quale effettua in automatico le scritture contabili, ed effettuata una stampa di riepilogo con la quale \u00e8 possibile compilare il 770, produce le certificazioni annuali per ogni tipo di ritenuta gestita.<\/p>\n<p>Ritenute d\u2019acconto contiene la possibilit\u00e0 di effettuare ricerche approfondite per ogni tipo di ritenuta gestita.<br \/>\nE\u2019 possibile estrarre dal database tutto il lavoro effettuato in un certo periodo ed archiviarlo su un supporto di backup.<\/p>\n<h4>Licenza Software<\/h4>\n<p><a href=\"https:\/\/absolutesoftware.it\/index.php\/licenza-software\/\" target=\"_blank\" rel=\"noopener\">Clicca qui<\/a>\u00a0per visualizzare i Termini e Condizioni del Contratto di Licenza<\/p>\n","protected":false},"excerpt":{"rendered":"<p>RITENUTE D\u2019ACCONTO \u00e8 un software utile a chi deve emettere ritenuta di acconto, ma ancor pi\u00f9 alle aziende che le ricevono e devono emettere certificazione annuale e desiderano avere una gestione automatizzata di queste attivit\u00e0. Ritenute d\u2019acconto gestisce le ritenute per prestazione occasionale, le ritenute professionisti con ritenuta al 20%, le ritenute per attivit\u00e0 sportiva [&hellip;]<\/p>\n","protected":false},"author":1,"featured_media":0,"parent":0,"menu_order":0,"comment_status":"closed","ping_status":"closed","template":"","meta":{"vkexunit_cta_each_option":"","footnotes":""},"class_list":["post-60","page","type-page","status-publish","hentry"],"_links":{"self":[{"href":"https:\/\/absolutesoftware.it\/index.php\/wp-json\/wp\/v2\/pages\/60","targetHints":{"allow":["GET"]}}],"collection":[{"href":"https:\/\/absolutesoftware.it\/index.php\/wp-json\/wp\/v2\/pages"}],"about":[{"href":"https:\/\/absolutesoftware.it\/index.php\/wp-json\/wp\/v2\/types\/page"}],"author":[{"embeddable":true,"href":"https:\/\/absolutesoftware.it\/index.php\/wp-json\/wp\/v2\/users\/1"}],"replies":[{"embeddable":true,"href":"https:\/\/absolutesoftware.it\/index.php\/wp-json\/wp\/v2\/comments?post=60"}],"version-history":[{"count":6,"href":"https:\/\/absolutesoftware.it\/index.php\/wp-json\/wp\/v2\/pages\/60\/revisions"}],"predecessor-version":[{"id":126,"href":"https:\/\/absolutesoftware.it\/index.php\/wp-json\/wp\/v2\/pages\/60\/revisions\/126"}],"wp:attachment":[{"href":"https:\/\/absolutesoftware.it\/index.php\/wp-json\/wp\/v2\/media?parent=60"}],"curies":[{"name":"wp","href":"https:\/\/api.w.org\/{rel}","templated":true}]}}